{"id":1075,"date":"2024-02-13T06:03:36","date_gmt":"2024-02-13T06:03:36","guid":{"rendered":"https:\/\/experiencemetis.net\/?page_id=1075"},"modified":"2024-03-12T23:07:15","modified_gmt":"2024-03-12T23:07:15","slug":"book-now","status":"publish","type":"page","link":"https:\/\/experiencemetis.net\/index.php\/book-now\/","title":{"rendered":"Book Now"},"content":{"rendered":"\t\t<div data-elementor-type=\"wp-page\" data-elementor-id=\"1075\" class=\"elementor elementor-1075\" data-elementor-post-type=\"page\">\n\t\t\t\t<div class=\"elementor-element elementor-element-2a9d69e e-flex e-con-boxed e-con e-parent\" data-id=\"2a9d69e\" data-element_type=\"container\" data-e-type=\"container\">\n\t\t\t\t\t<div class=\"e-con-inner\">\n\t\t\t\t<div class=\"elementor-element elementor-element-495cdb1 elementor-widget elementor-widget-heading\" data-id=\"495cdb1\" data-element_type=\"widget\" data-e-type=\"widget\" data-widget_type=\"heading.default\">\n\t\t\t\t<div class=\"elementor-widget-container\">\n\t\t\t\t\t<h2 class=\"elementor-heading-title elementor-size-default\">How To Book Your Experience<\/h2>\t\t\t\t<\/div>\n\t\t\t\t<\/div>\n\t\t\t\t<div class=\"elementor-element elementor-element-cf2448e elementor-widget elementor-widget-text-editor\" data-id=\"cf2448e\" data-element_type=\"widget\" data-e-type=\"widget\" data-widget_type=\"text-editor.default\">\n\t\t\t\t<div class=\"elementor-widget-container\">\n\t\t\t\t\t\t\t\t\t<p>Step 1-Select your day<\/p>\n<p>Step 2- Select the arrival time at the preferred location for your experience<\/p>\n<p class=\"yiv4590370565MsoNormal\">*If the experience is at your location, select the time that you would like the activity to start<\/p>\n<p class=\"yiv4590370565MsoNormal\">*If the experience is at a different location, select the time that your group will arrive on site<\/p><p class=\"yiv4590370565MsoNormal\"><span style=\"color: var( --e-global-color-text ); letter-spacing: 0px; text-align: var(--text-align); background-color: transparent;\">(We will send you a schedule once all details are finalized.)<\/span><\/p>\n<p>Step 3- Fill out the required information in the form that will follow your selections<\/p>\n<div>&nbsp;<\/div>\t\t\t\t\t\t\t\t<\/div>\n\t\t\t\t<\/div>\n\t\t\t\t<div class=\"elementor-element elementor-element-9092250 elementor-widget-divider--view-line elementor-widget elementor-widget-divider\" data-id=\"9092250\" data-element_type=\"widget\" data-e-type=\"widget\" data-widget_type=\"divider.default\">\n\t\t\t\t<div class=\"elementor-widget-container\">\n\t\t\t\t\t\t\t<div class=\"elementor-divider\">\n\t\t\t<span class=\"elementor-divider-separator\">\n\t\t\t\t\t\t<\/span>\n\t\t<\/div>\n\t\t\t\t\t\t<\/div>\n\t\t\t\t<\/div>\n\t\t\t\t<div class=\"elementor-element elementor-element-cfff837 elementor-widget elementor-widget-html\" data-id=\"cfff837\" data-element_type=\"widget\" data-e-type=\"widget\" data-widget_type=\"html.default\">\n\t\t\t\t<div class=\"elementor-widget-container\">\n\t\t\t\t\t<marquee>School Field Trips  |  CCSD Grade 7 Field Trips  |  In-School Experiences   |   Professional Development   |   M\u00e9tis Beading   |   M\u00e9tis Fish Scale Art   |   M\u00e9tis Finger Weaving   |   Tree Medicine Plant Walk   |   M\u00e9tis Tea Party   |   Wolf Willow:Rosaries and Medicine   |   Corporate Lunch and Learn   |   M\u00e9tis Red River Cart  <\/marquee>\t\t\t\t<\/div>\n\t\t\t\t<\/div>\n\t\t\t\t<div class=\"elementor-element elementor-element-be28d94 elementor-widget__width-initial elementor-widget elementor-widget-ssa-booking\" data-id=\"be28d94\" data-element_type=\"widget\" data-e-type=\"widget\" data-widget_type=\"ssa-booking.default\">\n\t\t\t\t<div class=\"elementor-widget-container\">\n\t\t\t\t\t\t\t<div class=\"elementor-ssa-booking-wrapper\">\n\t\t\t<div >\n\t\t\t\t<div class=\"ssa-booking\">\n\t\t\t\t\t<iframe src=\"https:\/\/experiencemetis.net\/wp-json\/ssa\/v1\/embed-inner?integration&type&label&types&edit&view&payment_provider&ssa_locale=en_US&sid=5af0a538817ceefd009a9fe6132e27f563493377&availability_start_date&availability_end_date&suggest_first_available&suggest_first_available_within_minutes&flow&fallback_flow&time_view&date_view&appointment_types_view&version&accent_color&background&padding=px&font&booking_url=https%3A%2F%2Fexperiencemetis.net%2Findex.php%2Fbook-now%2F&booking_post_id=1075&booking_title=Book+Now&_wpnonce=08abdeabb9&redirect_post_id#\/\" height=\"400px\" width=\"100%\" name=\"ssa_booking\" loading=\"eager\" frameborder=\"0\" data-skip-lazy=\"1\" class=\"ssa_booking_iframe skip-lazy\" title=\"Book a time\"><\/iframe>\t\t\t\t<\/div>\n\t\t\t<\/div>\n\t\t<\/div>\n\t\t\t\t\t\t<\/div>\n\t\t\t\t<\/div>\n\t\t\t\t\t<\/div>\n\t\t\t\t<\/div>\n\t\t\t\t<\/div>\n\t\t","protected":false},"excerpt":{"rendered":"<p>How To Book Your Experience Step 1-Select your day Step 2- Select the arrival time at the preferred location for your experience *If the experience is at your location, select the time that you would like the activity to start *If the experience is at a different location, select the time that your group will&#8230;<\/p>\n","protected":false},"author":1,"featured_media":0,"parent":0,"menu_order":0,"comment_status":"closed","ping_status":"closed","template":"","meta":{"_monsterinsights_skip_tracking":false,"_monsterinsights_sitenote_active":false,"_monsterinsights_sitenote_note":"","_monsterinsights_sitenote_category":0,"_kadence_starter_templates_imported_post":false,"_kad_post_transparent":"","_kad_post_title":"hide","_kad_post_layout":"fullwidth","_kad_post_sidebar_id":"","_kad_post_content_style":"unboxed","_kad_post_vertical_padding":"hide","_kad_post_feature":"hide","_kad_post_feature_position":"","_kad_post_header":false,"_kad_post_footer":false,"_kad_post_classname":"","footnotes":""},"class_list":["post-1075","page","type-page","status-publish","hentry"],"aioseo_notices":[],"_links":{"self":[{"href":"https:\/\/experiencemetis.net\/index.php\/wp-json\/wp\/v2\/pages\/1075","targetHints":{"allow":["GET"]}}],"collection":[{"href":"https:\/\/experiencemetis.net\/index.php\/wp-json\/wp\/v2\/pages"}],"about":[{"href":"https:\/\/experiencemetis.net\/index.php\/wp-json\/wp\/v2\/types\/page"}],"author":[{"embeddable":true,"href":"https:\/\/experiencemetis.net\/index.php\/wp-json\/wp\/v2\/users\/1"}],"replies":[{"embeddable":true,"href":"https:\/\/experiencemetis.net\/index.php\/wp-json\/wp\/v2\/comments?post=1075"}],"version-history":[{"count":50,"href":"https:\/\/experiencemetis.net\/index.php\/wp-json\/wp\/v2\/pages\/1075\/revisions"}],"predecessor-version":[{"id":2459,"href":"https:\/\/experiencemetis.net\/index.php\/wp-json\/wp\/v2\/pages\/1075\/revisions\/2459"}],"wp:attachment":[{"href":"https:\/\/experiencemetis.net\/index.php\/wp-json\/wp\/v2\/media?parent=1075"}],"curies":[{"name":"wp","href":"https:\/\/api.w.org\/{rel}","templated":true}]}}